{"id":28,"date":"2016-09-25T09:23:20","date_gmt":"2016-09-25T09:23:20","guid":{"rendered":"http:\/\/thecoach-koeln.de\/?page_id=28"},"modified":"2026-04-14T12:32:00","modified_gmt":"2026-04-14T10:32:00","slug":"ortpreise","status":"publish","type":"page","link":"https:\/\/www.thecoach-koeln.de\/?page_id=28","title":{"rendered":"Ort\/Preise"},"content":{"rendered":"<p><strong>Preise \u2013 Coaching &amp; EMDR<\/strong><\/p>\n<p>Einzelcoaching \/ EMDR Sitzung<br \/>\n60 Minuten \u2013 110 \u20ac<br \/>\nRaum f\u00fcr Klarheit,Verarbeitung und echte Ver\u00e4nderung.<\/p>\n<p>Intensive Sitzung<br \/>\n90 Minuten \u2013 150 \u20ac<br \/>\nMehr Zeit f\u00fcr tiefergehende Prozesse. Besonders geeignet bei belastenden Themen oder EMDR.<\/p>\n<p>Erstgespr\u00e4ch \/ erste Sitzung<br \/>\n60 Minuten \u2013 110 \u20ac<br \/>\nDas Erstgespr\u00e4ch ist bereits eine vollwertige Sitzung.<br \/>\nWir nutzen die Zeit, um dein Anliegen zu kl\u00e4ren und \u2013 wenn passend \u2013 direkt in die Arbeit einzusteigen.<\/p>\n<p>3er Paket<br \/>\n3 \u00d7 60 Minuten \u2013 300 \u20ac<br \/>\nF\u00fcr Menschen, die einen Prozess beginnen und dranbleiben m\u00f6chten.<\/p>\n<p>5er Paket<br \/>\n5 \u00d7 60 Minuten \u2013 480 \u20ac<br \/>\nF\u00fcr nachhaltige Ver\u00e4nderung und Stabilisierung \u00fcber mehrere Sitzungen hinweg.<\/p>\n<p>&#x2139;&#xfe0f; Hinweise<br \/>\nTermine k\u00f6nnen bis 24 Stunden vorher kostenfrei verschoben werden.<br \/>\nDie Sitzungen ersetzen keine medizinische oder therapeutische Behandlung.<br \/>\nEMDR wird im Rahmen von Coaching angewendet.<\/p>\n","protected":false},"excerpt":{"rendered":"<p>Preise \u2013 Coaching &amp; EMDR Einzelcoaching \/ EMDR Sitzung 60 Minuten \u2013 110 \u20ac Raum f\u00fcr Klarheit,Verarbeitung und echte Ver\u00e4nderung. Intensive Sitzung 90 Minuten \u2013 150 \u20ac Mehr Zeit f\u00fcr tiefergehende Prozesse. Besonders geeignet bei belastenden Themen oder EMDR. Erstgespr\u00e4ch &hellip; <a href=\"https:\/\/www.thecoach-koeln.de\/?page_id=28\">Weiterlesen <span class=\"meta-nav\">&rarr;<\/span><\/a><\/p>\n","protected":false},"author":1,"featured_media":0,"parent":0,"menu_order":7,"comment_status":"closed","ping_status":"closed","template":"","meta":{"footnotes":""},"class_list":["post-28","page","type-page","status-publish","hentry"],"_links":{"self":[{"href":"https:\/\/www.thecoach-koeln.de\/index.php?rest_route=\/wp\/v2\/pages\/28","targetHints":{"allow":["GET"]}}],"collection":[{"href":"https:\/\/www.thecoach-koeln.de\/index.php?rest_route=\/wp\/v2\/pages"}],"about":[{"href":"https:\/\/www.thecoach-koeln.de\/index.php?rest_route=\/wp\/v2\/types\/page"}],"author":[{"embeddable":true,"href":"https:\/\/www.thecoach-koeln.de\/index.php?rest_route=\/wp\/v2\/users\/1"}],"replies":[{"embeddable":true,"href":"https:\/\/www.thecoach-koeln.de\/index.php?rest_route=%2Fwp%2Fv2%2Fcomments&post=28"}],"version-history":[{"count":49,"href":"https:\/\/www.thecoach-koeln.de\/index.php?rest_route=\/wp\/v2\/pages\/28\/revisions"}],"predecessor-version":[{"id":747,"href":"https:\/\/www.thecoach-koeln.de\/index.php?rest_route=\/wp\/v2\/pages\/28\/revisions\/747"}],"wp:attachment":[{"href":"https:\/\/www.thecoach-koeln.de\/index.php?rest_route=%2Fwp%2Fv2%2Fmedia&parent=28"}],"curies":[{"name":"wp","href":"https:\/\/api.w.org\/{rel}","templated":true}]}}