{"id":30,"date":"2016-09-25T09:16:28","date_gmt":"2016-09-25T09:16:28","guid":{"rendered":"http:\/\/thecoach-koeln.de\/?page_id=30"},"modified":"2026-04-15T12:06:16","modified_gmt":"2026-04-15T10:06:16","slug":"ueber-mich","status":"publish","type":"page","link":"https:\/\/www.thecoach-koeln.de\/?page_id=30","title":{"rendered":"\u00dcber mich-Stefanie Hangen"},"content":{"rendered":"<p><img loading=\"lazy\" decoding=\"async\" class=\"aligncenter size-medium wp-image-753\" src=\"https:\/\/www.thecoach-koeln.de\/wp-content\/uploads\/2026\/04\/WhatsApp-Image-2026-04-14-at-13.12.49-300x300.jpeg\" alt=\"\" width=\"300\" height=\"300\" srcset=\"https:\/\/www.thecoach-koeln.de\/wp-content\/uploads\/2026\/04\/WhatsApp-Image-2026-04-14-at-13.12.49-300x300.jpeg 300w, https:\/\/www.thecoach-koeln.de\/wp-content\/uploads\/2026\/04\/WhatsApp-Image-2026-04-14-at-13.12.49-150x150.jpeg 150w, https:\/\/www.thecoach-koeln.de\/wp-content\/uploads\/2026\/04\/WhatsApp-Image-2026-04-14-at-13.12.49-768x768.jpeg 768w, https:\/\/www.thecoach-koeln.de\/wp-content\/uploads\/2026\/04\/WhatsApp-Image-2026-04-14-at-13.12.49.jpeg 1024w\" sizes=\"auto, (max-width: 300px) 100vw, 300px\" \/><\/p>\n<p>Viele Menschen funktionieren im Alltag \u2013 doch innerlich f\u00fchlen sie sich belastet, festgefahren oder ersch\u00f6pft.<br \/>Ich begleite Sie dabei, wieder Klarheit zu finden, belastende Erfahrungen zu verarbeiten und neue Stabilit\u00e4t zu entwickeln.<br \/>Seit vielen Jahren arbeite ich mit Menschen in herausfordernden Lebenssituationen.<br \/>Meine Grundlage ist eine \u00fcber 30-j\u00e4hrige T\u00e4tigkeit in der psychiatrischen Arbeit beim LVR K\u00f6ln. Diese Erfahrung erm\u00f6glicht mir ein tiefes Verst\u00e4ndnis f\u00fcr innere Prozesse und pers\u00f6nliche Krisen.<br \/>Heute verbinde ich diese Erfahrung mit Coaching und EMDR \u2013 einer Methode aus der Traumatherapie, die dabei helfen kann, belastende Erfahrungen zu verarbeiten und neue Stabilit\u00e4t zu entwickeln.<br \/>Ich arbeite ruhig, klar und in Ihrem Tempo.<br \/>Mir ist wichtig, dass Sie sich bei mir sicher f\u00fchlen und Ihren eigenen Weg finden k\u00f6nnen.<br \/>Auch pers\u00f6nlich ist mir ein achtsamer Umgang mit Mensch und Tier wichtig. Seit vielen Jahren engagiere ich mich ehrenamtlich und unterst\u00fctze Menschen und Tiere in schwierigen Situationen.<br \/>Ich lebe in K\u00f6ln-Dellbr\u00fcck und habe dort meine Praxis aufgebaut.<br \/>Diese Haltung pr\u00e4gt meine Arbeit bis heute.<\/p>\n<p><strong>Wenn Sie mehr \u00fcber meine Arbeit als Tierpsychologin sowie mit Menschen und Tieren erfahren m\u00f6chten, finden Sie weitere Informationen unter<\/strong><\/p>\n<p>www.emphatier-koeln.de<\/p>\n<p>&nbsp;<\/p>\n\n\n<p><\/p>\n","protected":false},"excerpt":{"rendered":"<p>Viele Menschen funktionieren im Alltag \u2013 doch innerlich f\u00fchlen sie sich belastet, festgefahren oder ersch\u00f6pft.Ich begleite Sie dabei, wieder Klarheit zu finden, belastende Erfahrungen zu verarbeiten und neue Stabilit\u00e4t zu entwickeln.Seit vielen Jahren arbeite ich mit Menschen in herausfordernden Lebenssituationen.Meine &hellip; <a href=\"https:\/\/www.thecoach-koeln.de\/?page_id=30\">Weiterlesen <span class=\"meta-nav\">&rarr;<\/span><\/a><\/p>\n","protected":false},"author":1,"featured_media":0,"parent":0,"menu_order":8,"comment_status":"closed","ping_status":"closed","template":"","meta":{"footnotes":""},"class_list":["post-30","page","type-page","status-publish","hentry"],"_links":{"self":[{"href":"https:\/\/www.thecoach-koeln.de\/index.php?rest_route=\/wp\/v2\/pages\/30","targetHints":{"allow":["GET"]}}],"collection":[{"href":"https:\/\/www.thecoach-koeln.de\/index.php?rest_route=\/wp\/v2\/pages"}],"about":[{"href":"https:\/\/www.thecoach-koeln.de\/index.php?rest_route=\/wp\/v2\/types\/page"}],"author":[{"embeddable":true,"href":"https:\/\/www.thecoach-koeln.de\/index.php?rest_route=\/wp\/v2\/users\/1"}],"replies":[{"embeddable":true,"href":"https:\/\/www.thecoach-koeln.de\/index.php?rest_route=%2Fwp%2Fv2%2Fcomments&post=30"}],"version-history":[{"count":31,"href":"https:\/\/www.thecoach-koeln.de\/index.php?rest_route=\/wp\/v2\/pages\/30\/revisions"}],"predecessor-version":[{"id":827,"href":"https:\/\/www.thecoach-koeln.de\/index.php?rest_route=\/wp\/v2\/pages\/30\/revisions\/827"}],"wp:attachment":[{"href":"https:\/\/www.thecoach-koeln.de\/index.php?rest_route=%2Fwp%2Fv2%2Fmedia&parent=30"}],"curies":[{"name":"wp","href":"https:\/\/api.w.org\/{rel}","templated":true}]}}