{"id":38,"date":"2016-09-25T09:31:38","date_gmt":"2016-09-25T09:31:38","guid":{"rendered":"http:\/\/thecoach-koeln.de\/?page_id=38"},"modified":"2026-04-15T11:51:47","modified_gmt":"2026-04-15T09:51:47","slug":"was-ist-emdr","status":"publish","type":"page","link":"https:\/\/www.thecoach-koeln.de\/?page_id=38","title":{"rendered":"Was ist EMDR?"},"content":{"rendered":"<div class=\"entry-content\">\n<p><strong>EMDR ( Eye Movement Desensitization and Reprocessing\u00a0<\/strong>) ist eine zeitsparende, umfassende und wunderbare Methode zur <strong>Behandlung traumatischer Erfahrungen<\/strong>\u00a0und wurde 1987 von der Psychologin Francine Shapiro (USA) entwickelt.<\/p>\n<p>EMDR\u00a0ist eine\u00a0 Methode aus der Traumatherapie zur L\u00f6sung fast jeglicher Gef\u00fchle, die aus negativen Erlebnissen in der Vergangenheit resultieren und bis in die Gegenwart und Zukunft hindernd wirken.<\/p>\n<p>Es handelt sich um eine individuelle klinische Behandlung, die erfolgreich Millionen von Menschen mit schwerwiegenden\u00a0Traumata geholfen hat.<\/p>\n<p>Traumata\u00a0durch: sexuellen Missbrauch\/Vergewaltigung, h\u00e4usliche Gewalt, Krieg, Verbrechen, Katastrophen und Unf\u00e4lle.<\/p>\n<p>Auch Menschen, die unter Problemen, wie Depressionen, Abh\u00e4ngigkeiten, Phobien und einer Reihe von Selbstwertproblemen leiden, kann mit dieser Methode entscheidend geholfen werden.<\/p>\n<p>Diese Erinnerungen machen sich auch als \u201eBiografie-Stress\u201c bemerkbar!<\/p>\n<p>Emotionale Verkn\u00fcpfungen beeinflussen immer wieder unser Verhalten oder entwickeln sich zu Blockaden. Die bekanntesten sind Alltags\u00e4ngste wie Klaustrophobie,H\u00f6henangst,Pr\u00fcfungsangst,Zahnarztangst oder Flugangst.<\/p>\n<p>Durch EMDR- \u201eEmotions-Coaching\u201c, kann diese Blockade gel\u00f6st werden und es entsteht eine emotionale-mentale Balance,f\u00fcr die optimale Vernetzung aller Gehirnbereiche.<\/p>\n<p>Die bilaterale Stimulation der Augen, durch die rechts-links Bewegungen,bewirkt eine Stressentlastung \u00fcber eine beschleunigte Informationsverarbeitung im Gehirn.<\/p>\n<p>REM-Phasen im Wachzustand!<\/p>\n<p>Es funktioniert h\u00e4ufig erheblich schneller als mit herk\u00f6mmlichen,therapeutischen Methoden.<\/p>\n<p>EMDR ist aus meiner Praxiserfahrung auch mit geschlossenen Augen m\u00f6glich! Gerade bei Menschen mit einer Sehbehinderung oder einer Konzentrationsst\u00f6rung in Bezug auf ihre Gef\u00fchle, habe ich hier schon viele positive Erfahrungen machen d\u00fcrfen. Hierzu arbeite ich, statt mit den Winkbewegungen der Finger, mit regelm\u00e4\u00dfigen links-rechts Taps auf die Knie.<\/p>\n<p>Es ersetzt allerdings keine Psychothrapie und kann eine solche auch nicht ersetzen.<\/p>\n<p>Lassen Sie sich von mir beraten!<\/p>\n<p><strong><img decoding=\"async\" class=\"emoji\" role=\"img\" draggable=\"false\" src=\"https:\/\/s.w.org\/images\/core\/emoji\/17.0.2\/svg\/1f4de.svg\" alt=\"&#x1f4de;\" \/> 0221 \/ 16900661<\/strong><br \/>\n<img decoding=\"async\" class=\"emoji\" role=\"img\" draggable=\"false\" src=\"https:\/\/s.w.org\/images\/core\/emoji\/17.0.2\/svg\/1f4e7.svg\" alt=\"&#x1f4e7;\" \/> info@thecoach-koeln.de<\/p>\n<\/div>\n","protected":false},"excerpt":{"rendered":"<p>EMDR ( Eye Movement Desensitization and Reprocessing\u00a0) ist eine zeitsparende, umfassende und wunderbare Methode zur Behandlung traumatischer Erfahrungen\u00a0und wurde 1987 von der Psychologin Francine Shapiro (USA) entwickelt. EMDR\u00a0ist eine\u00a0 Methode aus der Traumatherapie zur L\u00f6sung fast jeglicher Gef\u00fchle, die aus &hellip; <a href=\"https:\/\/www.thecoach-koeln.de\/?page_id=38\">Weiterlesen <span class=\"meta-nav\">&rarr;<\/span><\/a><\/p>\n","protected":false},"author":1,"featured_media":0,"parent":0,"menu_order":2,"comment_status":"closed","ping_status":"closed","template":"","meta":{"footnotes":""},"class_list":["post-38","page","type-page","status-publish","hentry"],"_links":{"self":[{"href":"https:\/\/www.thecoach-koeln.de\/index.php?rest_route=\/wp\/v2\/pages\/38","targetHints":{"allow":["GET"]}}],"collection":[{"href":"https:\/\/www.thecoach-koeln.de\/index.php?rest_route=\/wp\/v2\/pages"}],"about":[{"href":"https:\/\/www.thecoach-koeln.de\/index.php?rest_route=\/wp\/v2\/types\/page"}],"author":[{"embeddable":true,"href":"https:\/\/www.thecoach-koeln.de\/index.php?rest_route=\/wp\/v2\/users\/1"}],"replies":[{"embeddable":true,"href":"https:\/\/www.thecoach-koeln.de\/index.php?rest_route=%2Fwp%2Fv2%2Fcomments&post=38"}],"version-history":[{"count":10,"href":"https:\/\/www.thecoach-koeln.de\/index.php?rest_route=\/wp\/v2\/pages\/38\/revisions"}],"predecessor-version":[{"id":825,"href":"https:\/\/www.thecoach-koeln.de\/index.php?rest_route=\/wp\/v2\/pages\/38\/revisions\/825"}],"wp:attachment":[{"href":"https:\/\/www.thecoach-koeln.de\/index.php?rest_route=%2Fwp%2Fv2%2Fmedia&parent=38"}],"curies":[{"name":"wp","href":"https:\/\/api.w.org\/{rel}","templated":true}]}}