{"id":662,"date":"2022-01-28T12:40:32","date_gmt":"2022-01-28T11:40:32","guid":{"rendered":"https:\/\/www.thecoach-koeln.de\/?page_id=662"},"modified":"2026-04-15T08:28:06","modified_gmt":"2026-04-15T06:28:06","slug":"kopien-von-bewertungen-meiner-klienten-aus-verschiedenen-portalen","status":"publish","type":"page","link":"https:\/\/www.thecoach-koeln.de\/?page_id=662","title":{"rendered":"Stimmen meiner Klienten aus verschiedenen Portalen"},"content":{"rendered":"\n<p>Aus Datenschutzgr\u00fcnden und der sensiblen Thematik,wurden die Namen teilweise entfernt.<\/p>\n\n\n\n<p><\/p>\n\n\n\n<p>Klient<\/p>\n\n\n\n<p>Ich bin zu 100% zufrieden mit Frau Hangen. Sie ist sehr einf\u00fchlsam und ich hab mich sehr wohl bei ihr gef\u00fchlt. Nach 5-6 Sitzungen haben sich viele meiner Probleme erledigt, weil sie mir den Glauben an mich selbst zur\u00fcckgegeben hat. Durch ein Kindheitstrauma war ich schon wo anders in Behandlung, aber dort wurde mir nicht so gut geholfen, wie bei Frau Hangen.<a href=\"https:\/\/web2.cylex.de\/reviews\/addcomment.aspx?replytoid=707624\"> <\/a><\/p>\n\n\n\n<hr class=\"wp-block-separator has-css-opacity\"\/>\n\n\n\n<p>Klient<\/p>\n\n\n\n<p>Ich war ca 6x bei Stefanie Hangen und bin sehr froh, dass ich sie entdeckt habe. Ihre positive Ausstrahlung,ihr Methodenreichtum, ihr Humor und ihre Empathie haben mir geholfen, sehr konkret eine Krise mit der Familie und einen Umzug zu wuppen. Eindeutige Empfehlung!!!<a href=\"https:\/\/web2.cylex.de\/reviews\/addcomment.aspx?replytoid=669887\"> <\/a><\/p>\n\n\n\n<p><\/p>\n\n\n\n<p>Klient<\/p>\n\n\n\n<p>Ich habe mich f\u00fcr ein Coaching bei Fr.Hangen entschieden wegen mehrerer Probleme die mich in meinem Alltag verfolgten. Vorallem wegen schlechter Gedanken. Nach mehreren Sitzungen mit Fr.Hangen ist es mir gelungen mit diesen ,,schlechten&#8220; Gedanken umzugehen. Bei Fr.Hangen f\u00fchlt man sich zudem sehr gut Aufgehoben, denn durch ihre Einf\u00fchlsamkeit und lockere Art f\u00e4llt es einem ziemlich einfach \u00fcber seine Probleme zu sprechen. Au\u00dferdem wird einem nicht nur mit seinen geschilderten Problemen geholfen, man erf\u00e4hrt zudem sehr viel Wissenswertes und man hat das Gef\u00fchl man lernt sich komplett neu kennen. Durch das Coaching wurde ich schnell an meine Ziele gebracht und habe gelernt das man immer gr\u00f6\u00dfer als seine Gedanken ist. Dadurch aufjedenfall nur Weiterzuempfehlen!<\/p>\n\n\n\n<hr class=\"wp-block-separator has-css-opacity\"\/>\n\n\n\n<p><strong>Anonym<\/strong><\/p>\n\n\n\n<p>Sehr nette und kompetente Therapeutin! Bin absolut zufrieden!<a href=\"https:\/\/web2.cylex.de\/reviews\/addcomment.aspx?replytoid=649257\"> <\/a><\/p>\n\n\n\n<hr class=\"wp-block-separator has-css-opacity\"\/>\n\n\n\n<p><a href=\"javascript:void(0);\"><\/a><strong>Anonym<\/strong><\/p>\n\n\n\n<p>Tolle Beratung, bin sehr zufrieden, vor allem schaut Frau Hagen nicht auf die Uhr. Sie ist sehr einf\u00fchlsam, bringt einen schnell auf den Punkt, wo die Probleme bestehen. Ich kann sie nur weiterempfehlen.<a href=\"https:\/\/web2.cylex.de\/reviews\/addcomment.aspx?replytoid=619805\"> <\/a><\/p>\n\n\n\n<hr class=\"wp-block-separator has-css-opacity\"\/>\n\n\n\n<p><strong>Anonym<\/strong><\/p>\n\n\n\n<p>Ich komme jetzt fast schon ein Jahr zu Frau Hangen. Was mir sehr gut gef\u00e4llt ist, dass es nicht nach 55 Minuten vorbei ist wenn es gerade intensiv und spannen wird. Bei meiner Psychologin ist dann leider oft die Zeit um. Frau Hangen beendet die Stunde erst dann, wenn alles besprochen wurde, was mir wichtig ist. Frau Hangen hat durch ihre offene und wertfreie Art einen ganz besonderen Charm, der mich einfach angstfrei reden l\u00e4sst. Ich konnte bei ihr schon mehr bearbeiten als mit meiner Psychologin. Durch ihre jahrelange Erfahrung hat sie es einfach drauf einen schnell auf die Problematok zu sto\u00dfen und einen Weg zu finden. Ich f\u00fchle mich einfach verstanden und gut aufgehoben. Vielen Dank f\u00fcr ihre Zeit und die gute Arbeit! Daumen hoch!!!! P.S. F\u00fcr allen den Coaching zu teuer ist, ich konnte mein berufliches Coaching beim Finanzamt absetzen und bekam Geld zur\u00fcch!!! \ud83d\ude09<a href=\"https:\/\/web2.cylex.de\/reviews\/addcomment.aspx?replytoid=584514\"> <\/a><\/p>\n\n\n\n<hr class=\"wp-block-separator has-css-opacity\"\/>\n\n\n\n<p><a href=\"javascript:void(0);\"><\/a><strong>Anonym <\/strong><\/p>\n\n\n\n<p>Frau Hangens Professionalit\u00e4t zeigt sich in ihrer sehr guten Analysef\u00e4higkeit einhergehend mit Einf\u00fchlungsverm\u00f6gen und Humor. Durch die Gespr\u00e4che und die EMDR Methode kommt tats\u00e4chlich etwas in Gang. In einer schwierigen Lebensphase haben mir die Besuche bei Frau Hangen geholfen klarer zu sehen, st\u00e4rker zu werden, positiver zu denken und L\u00f6sungsans\u00e4tze f\u00fcr akute Belastungen aktiv umzusetzen.<a href=\"https:\/\/web2.cylex.de\/reviews\/addcomment.aspx?replytoid=526245\"> <\/a><\/p>\n\n\n\n<hr class=\"wp-block-separator has-css-opacity\"\/>\n\n\n\n<p><a href=\"javascript:void(0);\"><\/a><strong>Anonym<\/strong><\/p>\n\n\n\n<p>Kompetent und rasche Hilfe. TOP! Vielen Dank. Bin begeistert!<a href=\"https:\/\/web2.cylex.de\/reviews\/addcomment.aspx?replytoid=508759\"> <\/a><\/p>\n\n\n\n<hr class=\"wp-block-separator has-css-opacity\"\/>\n\n\n\n<p><strong>Anonym<\/strong> <\/p>\n\n\n\n<p>Fr Hangen besticht durch ihr weitreichendes Wissen gepaart mit Empathie, Direktheit, Klarheit und Souver\u00e4nit\u00e4t. Was ich auch sehr zu sch\u00e4tzen wei\u00df ist ihre ganzheitliche Sichtweise. Meine Beurteilung nach einigen Sitzungen&#8230; uneingeschr\u00e4nkt empfehlenswert !<\/p>\n\n\n\n<hr class=\"wp-block-separator has-css-opacity\"\/>\n\n\n\n<p><a href=\"javascript:void(0);\"><\/a><strong>Anonym<\/strong><\/p>\n\n\n\n<p>Frau Hangen hat mich in einer wichtigen Phase meines Lebens begleitet und ich bin ihr sehr dankbar daf\u00fcr!Ich sch\u00e4tze ihr empathisches Gef\u00fchl f\u00fcr die Situationen,ihre direkte und ehrliche Art,gepaart mit Witz und Charme,Thumps up!Besonders hervorzuheben ist die Traumatherapie EMDR,die sie professionell durchf\u00fchrt.Ihre Sitzungen sind f\u00fcr mich positiv nachhaltig und haben mich pers\u00f6nlich weitergebracht.Vielen Dank daf\u00fcr!<\/p>\n\n\n\n<p><\/p>\n\n\n\n<p><small>A<strong>nonym 478875, vor mehr als 2 Jahren<\/strong><\/small><\/p>\n\n\n\n<p>Einen Besuch bei Frau Hangen kann ich jedem Patienten, der mit Panikattacken, Todesangst und unverarbeiteten traumatischen Erlebnissen zu k\u00e4mpfen hat, empfehlen. Es ist unglaublich, wie schnell und anhaltend die EMDR-Methode greift. Zumal man sich als betroffener, verzweifelter, entkr\u00e4fteter Mensch den langwierigen, monatelangen Freudschen Seelen-Striptease ersparen und sofort auf den Punkt kommen kann. 5 Sterne f\u00fcr Frau Hangen und meine Empfehlung!<a href=\"https:\/\/web2.cylex.de\/reviews\/addcomment.aspx?replytoid=478875\"> <\/a><\/p>\n\n\n\n<hr class=\"wp-block-separator has-css-opacity\"\/>\n\n\n\n<p><a href=\"javascript:void(0);\"><\/a><small><strong>Anonym 465278, vor mehr als 2 Jahren<\/strong><\/small><\/p>\n\n\n\n<p>fr hangen, herzlichen dank f\u00fcr ihre empathische und kompetente begleitung.dank ihrer vermittlung wurde f\u00fcr mich und mein gegen\u00fcber eine tragf\u00e4hige und transparente kommunikationsebene sichtbar und nun auf dem weiteren weg mit ihnen etabliert!<a href=\"https:\/\/web2.cylex.de\/reviews\/addcomment.aspx?replytoid=465278\"> <\/a><\/p>\n\n\n\n<hr class=\"wp-block-separator has-css-opacity\"\/>\n\n\n\n<p><a href=\"https:\/\/web2.cylex.de\/profil-von-svarupo-30118\/\"><\/a>Kompetent und \u00e4u\u00dferst integer<\/p>\n\n\n\n<p><small><strong>Anonym<\/strong>, vor mehr als 2 Jahren<\/small><\/p>\n\n\n\n<p>Frau Hangen hat sich f\u00fcr mich als ein Geschenk an einem \u00e4u\u00dferst schwierigen Zeitpunkt in unserem Leben erwiesen. Nicht nur, dass sie ihre Tools gut beherrscht, absolut entscheidend f\u00fcr den Fortschritt waren ihre eigene menschliche Reife, ihr Mitgef\u00fchl und ihr Optimismus, dass alles sich zum Besten wendet. Und so ist es nun gekommen. Meine besten W\u00fcnsche begleiten sie &#8230; #Kompetenz #Reife #Mitgef\u00fchl<a href=\"https:\/\/web2.cylex.de\/reviews\/addcomment.aspx?replytoid=397943\"> <\/a><\/p>\n\n\n\n<hr class=\"wp-block-separator has-css-opacity\"\/>\n\n\n\n<p><a href=\"javascript:void(0);\"><\/a>Empfehlung!<\/p>\n\n\n\n<p><small><strong>Mungo12<\/strong>, vor mehr als 2 Jahren<\/small><\/p>\n\n\n\n<p>Frau Hangen (The Coach K\u00f6ln) hat mir durch ihre ehrliche und unkonventionelle Art sowohl in einer schweren Lebenskrise als auch danach im Alltag sehr geholfen.<br>Durch ihre jahrelange Erfahrung und ihr gutes Gesp\u00fcr f\u00fcr versteckte \u00c4ngste und Emotionen hat sie bei mir das bewirkt, worauf ich jahrelang davor bei anderen Therapeuten stets gewartet habe \u2013 n\u00e4mlich, dass sich die Dinge tats\u00e4chlich endlich anfingen zu \u00e4ndern.<br>The Coach K\u00f6ln kann ich von Herzen jedem empfehlen, der\/die trotz allen Bem\u00fchungen immer wieder am selben Punkt ankommt. Mit ihr lernt man sich selbst neu kennen und erh\u00e4lt endlich ein Handwerkszeug, um alte Muster zu durchbrechen. Dadurch findet man endlich einen Weg aus dem Irrgarten, den man sich selbst oder den das Umfeld einem gebaut hat. #Psychologie #Emdr #Super Hilfe<a href=\"https:\/\/web2.cylex.de\/reviews\/addcomment.aspx?replytoid=379261\"> <\/a><\/p>\n\n\n\n<hr class=\"wp-block-separator has-css-opacity\"\/>\n\n\n\n<p><a href=\"javascript:void(0);\"><\/a>Lebensrettung<\/p>\n\n\n\n<p><small><strong>C + W, <\/strong>vor mehr als 2 Jahre<\/small><\/p>\n\n\n\n<p>Ich bin durch meinen Lebensweg mit sehr vielen Psychotherapeuten\/Psychatern usw. konfrontiert worden. Es gab da durchaus ein paar f\u00fcr mich gute&#8230;&#8230;aber Frau Hangen ist (zumindest f\u00fcr mich) einfach \u00fcberragend.<br>Andere m\u00f6gen von mir aus Professor sein (man sehe die typisch deutsche Haltung: Doktor oder Professor= Halbg\u00f6tter), aber sie verf\u00fcgen nicht \u00fcber das Wissen, die Erfahrung und vor allen Dingen die Lebensweisheit von gut 20 Jahren LVR.<br>Als Kunde bzw. Patient des LVR wei\u00df ich, das mir kaum die Ober bzw. Chef\u00e4rtzte (ich habe mit Herrn Plath interlektuelle Gef\u00e4chte gef\u00fchrt&#8230;nur was n\u00fctzt mir das als kranker Mensch?) geholfen haben&#8230;.das waren Schwestern und Pfleger.<br>Frau Gorski, Papa Schulz und Frau Hangen haben mir zu verschiedenen Zeitpunkten das Leben gerettet.<br>Ich m\u00f6chte jeden ermutigen, der Probleme hat, sich um Hilfe zu bem\u00fchen.<br>Hangen ist wirklich gut!!<\/p>\n\n\n\n<p><strong>M\u00f6chten Sie sich weiter ein Bild von meiner Arbeit mach?<\/strong><\/p>\n\n\n\n<p>Hier finden Sie Menschen die ich begleiten durfte:<\/p>\n\n\n\n<p><strong><a href=\"http:\/\/web2.cylex.de\/firma-home\/stefanie-hangen-the-coach-koeln-psychologische-beratung-coaching-emdr-7643768.html\" target=\"_blank\" rel=\"noreferrer noopener\">Bewertungen von \u201eThe Coach K\u00f6ln\u201c abgeben oder&nbsp; lesen &nbsp; &nbsp; &nbsp;<\/a><\/strong><\/p>\n\n\n\n<p><strong>Dann dr\u00fccken sie auf den Button von CYLEX unten&#8230;&#8230;<\/strong><\/p>\n\n\n\n<figure class=\"wp-block-image\"><a href=\"https:\/\/web2.cylex.de\/firma-home\/the-coach-koeln-von-dr-med--h-hangen-_-s-hangen-7643768.html\" target=\"_blank\" rel=\"noreferrer noopener\"><img decoding=\"async\" src=\"https:\/\/admin.cylex.de\/cylex_logo1_7643768.png\" alt=\"CYLEX\" title=\"The Coach K\u00f6ln von Dr.med. H.Hangen &amp; S.Hangen\"\/><\/a><\/figure>\n\n\n\n<p><strong><a href=\"https:\/\/web2.cylex.de\/firma-home\/the-coach-koeln-von-dr-med--h-hangen-_-s-hangen-7643768.html\" target=\"_blank\" rel=\"noreferrer noopener\"><\/a><\/strong><\/p>\n","protected":false},"excerpt":{"rendered":"<p>Aus Datenschutzgr\u00fcnden und der sensiblen Thematik,wurden die Namen teilweise entfernt. Klient Ich bin zu 100% zufrieden mit Frau Hangen. Sie ist sehr einf\u00fchlsam und ich hab mich sehr wohl bei ihr gef\u00fchlt. Nach 5-6 Sitzungen haben sich viele meiner Probleme &hellip; <a href=\"https:\/\/www.thecoach-koeln.de\/?page_id=662\">Weiterlesen <span class=\"meta-nav\">&rarr;<\/span><\/a><\/p>\n","protected":false},"author":1,"featured_media":0,"parent":0,"menu_order":0,"comment_status":"closed","ping_status":"closed","template":"","meta":{"footnotes":""},"class_list":["post-662","page","type-page","status-publish","hentry"],"_links":{"self":[{"href":"https:\/\/www.thecoach-koeln.de\/index.php?rest_route=\/wp\/v2\/pages\/662","targetHints":{"allow":["GET"]}}],"collection":[{"href":"https:\/\/www.thecoach-koeln.de\/index.php?rest_route=\/wp\/v2\/pages"}],"about":[{"href":"https:\/\/www.thecoach-koeln.de\/index.php?rest_route=\/wp\/v2\/types\/page"}],"author":[{"embeddable":true,"href":"https:\/\/www.thecoach-koeln.de\/index.php?rest_route=\/wp\/v2\/users\/1"}],"replies":[{"embeddable":true,"href":"https:\/\/www.thecoach-koeln.de\/index.php?rest_route=%2Fwp%2Fv2%2Fcomments&post=662"}],"version-history":[{"count":6,"href":"https:\/\/www.thecoach-koeln.de\/index.php?rest_route=\/wp\/v2\/pages\/662\/revisions"}],"predecessor-version":[{"id":795,"href":"https:\/\/www.thecoach-koeln.de\/index.php?rest_route=\/wp\/v2\/pages\/662\/revisions\/795"}],"wp:attachment":[{"href":"https:\/\/www.thecoach-koeln.de\/index.php?rest_route=%2Fwp%2Fv2%2Fmedia&parent=662"}],"curies":[{"name":"wp","href":"https:\/\/api.w.org\/{rel}","templated":true}]}}