{"id":804,"date":"2026-04-15T10:12:58","date_gmt":"2026-04-15T08:12:58","guid":{"rendered":"https:\/\/www.thecoach-koeln.de\/?page_id=804"},"modified":"2026-04-15T11:15:45","modified_gmt":"2026-04-15T09:15:45","slug":"coaching-emdr-in-koeln","status":"publish","type":"page","link":"https:\/\/www.thecoach-koeln.de\/","title":{"rendered":"Sie denken viel nach-und kommen trotzdem nicht weiter?"},"content":{"rendered":"\n<p><strong>Viele Menschen kommen zu mir, weil sie viel nachdenken \u2013<br>und trotzdem nicht wirklich weiterkommen.<br>Sie f\u00fchlen sich ersch\u00f6pft, innerlich unruhig<br>oder sp\u00fcren, dass sich etwas ver\u00e4ndern muss.<\/strong><\/p>\n\n\n<div class=\"wp-block-image\">\n<figure class=\"alignright\"><img loading=\"lazy\" decoding=\"async\" width=\"300\" height=\"300\" src=\"https:\/\/www.thecoach-koeln.de\/wp-content\/uploads\/2026\/04\/WhatsApp-Image-2026-04-14-at-13.12.49-300x300.jpeg\" alt=\"\" class=\"wp-image-753\" srcset=\"https:\/\/www.thecoach-koeln.de\/wp-content\/uploads\/2026\/04\/WhatsApp-Image-2026-04-14-at-13.12.49-300x300.jpeg 300w, https:\/\/www.thecoach-koeln.de\/wp-content\/uploads\/2026\/04\/WhatsApp-Image-2026-04-14-at-13.12.49-150x150.jpeg 150w, https:\/\/www.thecoach-koeln.de\/wp-content\/uploads\/2026\/04\/WhatsApp-Image-2026-04-14-at-13.12.49-768x768.jpeg 768w, https:\/\/www.thecoach-koeln.de\/wp-content\/uploads\/2026\/04\/WhatsApp-Image-2026-04-14-at-13.12.49.jpeg 1024w\" sizes=\"auto, (max-width: 300px) 100vw, 300px\" \/><\/figure>\n<\/div>\n\n\n<p>Ich begleite Menschen seit \u00fcber 30 Jahren und bringe umfangreiche Erfahrung aus der psychiatrischen T\u00e4tigkeit sowie fundierten Ausbildungen in Coaching und Traumatherapie mit.<\/p>\n\n\n\n<p>In meiner Arbeit verbinde ich Coaching mit EMDR \u2013 einer Methode aus der Traumatherapie, die dabei hilft, belastende Erfahrungen zu verarbeiten und neue Stabilit\u00e4t zu entwickeln.<\/p>\n\n\n\n<p><strong>Wobei ich Sie unterst\u00fczen kann<\/strong><\/p>\n\n\n\n<p>Vielleicht erkennen Sie sich hier wieder:<\/p>\n\n\n\n<ul class=\"wp-block-list\">\n<li>Sie denken viel nach und kommen trotzdem nicht weiter.<\/li>\n\n\n\n<li>Sie f\u00fchlen sich ersch\u00f6pft oder innerlich unruhig<\/li>\n\n\n\n<li><strong>Bestimmte Erlebnisse lassen Sie nicht los<\/strong><\/li>\n\n\n\n<li>Sie funktionieren nach au\u00dfen \u2013 aber innerlich sieht es anders aus.<\/li>\n\n\n\n<li>Sie w\u00fcnschen sich Ver\u00e4nderung, wissen aber nicht wie.<\/li>\n<\/ul>\n\n\n\n<p><strong>Sie m\u00fcssen da nicht alleine durchgehen.<\/strong><\/p>\n\n\n\n<p>Ich unterst\u00fctze Sie dabei, Klarheit zu gewinnen, belastende Erfahrungen zu verarbeiten und wieder mehr Stabilit\u00e4t zu entwickeln \u2013 in Ihrem Tempo und auf Ihre Weise.<\/p>\n\n\n\n<p><strong>Ich bin f\u00fcr Sie da.<\/strong><\/p>\n\n\n\n<p>\u00a0 <strong>\u00a0&#x1f4de; 0221 \/ 16900661<\/strong><br>\u00a0 \u00a0&#x2709;&#xfe0f; info@thecoach-koeln.de<\/p>\n\n\n\n<p><\/p>\n","protected":false},"excerpt":{"rendered":"<p>Viele Menschen kommen zu mir, weil sie viel nachdenken \u2013und trotzdem nicht wirklich weiterkommen.Sie f\u00fchlen sich ersch\u00f6pft, innerlich unruhigoder sp\u00fcren, dass sich etwas ver\u00e4ndern muss. Ich begleite Menschen seit \u00fcber 30 Jahren und bringe umfangreiche Erfahrung aus der psychiatrischen T\u00e4tigkeit &hellip; <a href=\"https:\/\/www.thecoach-koeln.de\/\">Weiterlesen <span class=\"meta-nav\">&rarr;<\/span><\/a><\/p>\n","protected":false},"author":1,"featured_media":0,"parent":0,"menu_order":0,"comment_status":"closed","ping_status":"closed","template":"","meta":{"footnotes":""},"class_list":["post-804","page","type-page","status-publish","hentry"],"_links":{"self":[{"href":"https:\/\/www.thecoach-koeln.de\/index.php?rest_route=\/wp\/v2\/pages\/804","targetHints":{"allow":["GET"]}}],"collection":[{"href":"https:\/\/www.thecoach-koeln.de\/index.php?rest_route=\/wp\/v2\/pages"}],"about":[{"href":"https:\/\/www.thecoach-koeln.de\/index.php?rest_route=\/wp\/v2\/types\/page"}],"author":[{"embeddable":true,"href":"https:\/\/www.thecoach-koeln.de\/index.php?rest_route=\/wp\/v2\/users\/1"}],"replies":[{"embeddable":true,"href":"https:\/\/www.thecoach-koeln.de\/index.php?rest_route=%2Fwp%2Fv2%2Fcomments&post=804"}],"version-history":[{"count":4,"href":"https:\/\/www.thecoach-koeln.de\/index.php?rest_route=\/wp\/v2\/pages\/804\/revisions"}],"predecessor-version":[{"id":816,"href":"https:\/\/www.thecoach-koeln.de\/index.php?rest_route=\/wp\/v2\/pages\/804\/revisions\/816"}],"wp:attachment":[{"href":"https:\/\/www.thecoach-koeln.de\/index.php?rest_route=%2Fwp%2Fv2%2Fmedia&parent=804"}],"curies":[{"name":"wp","href":"https:\/\/api.w.org\/{rel}","templated":true}]}}